{"id":120,"date":"2024-02-29T23:32:51","date_gmt":"2024-02-29T22:32:51","guid":{"rendered":"https:\/\/koenig.notarwebsite.de\/?page_id=120"},"modified":"2025-02-10T17:04:26","modified_gmt":"2025-02-10T16:04:26","slug":"leistungen","status":"publish","type":"page","link":"https:\/\/notar-sawade.de\/en\/leistungen\/","title":{"rendered":"Services"},"content":{"rendered":"<h1>\n\t\tServices\n\t<\/h1>\n\t<p>We are at your disposal in all notarial areas. This often involves important decisions in your life. We are happy to assist and advise you to ensure that everything is legally flawless and that your wishes for the future are implemented in a legally secure manner. The following subpages will give you a first impression of our services. We will be happy to discuss everything else in person.<\/p>\n\t<p><a href=\"https:\/\/notar-sawade.de\/en\/leistungen\/immobilien\/\">Real estate<\/a><\/p>\n\t<a href=\"https:\/\/notar-sawade.de\/en\/leistungen\/immobilien\/\"><?xml version=\"1.0\" encoding=\"utf-8\"?>\n<!-- Generator: Adobe Illustrator 24.0.0, SVG Export Plug-In . SVG Version: 6.00 Build 0)  -->\n<\/a>\n\t<p><a href=\"https:\/\/notar-sawade.de\/en\/leistungen\/immobilien\/\">Learn more<\/a><\/p>\n\t<p><a href=\"https:\/\/notar-sawade.de\/en\/leistungen\/unternehmen\/\">Company<\/a><\/p>\n\t<a href=\"https:\/\/notar-sawade.de\/en\/leistungen\/unternehmen\/\"><?xml version=\"1.0\" encoding=\"utf-8\"?>\n<!-- Generator: Adobe Illustrator 24.0.0, SVG Export Plug-In . SVG Version: 6.00 Build 0)  -->\n<\/a>\n\t<p><a href=\"https:\/\/notar-sawade.de\/en\/leistungen\/unternehmen\/\">Learn more<\/a><\/p>\n\t<p><a href=\"https:\/\/notar-sawade.de\/en\/leistungen\/vorsorge\/\">Private provision<\/a><\/p>\n\t<a href=\"https:\/\/notar-sawade.de\/en\/leistungen\/vorsorge\/\"><?xml version=\"1.0\" encoding=\"utf-8\"?>\n<!-- Generator: Adobe Illustrator 24.0.0, SVG Export Plug-In . SVG Version: 6.00 Build 0)  -->\n<\/a>\n\t<p><a href=\"https:\/\/notar-sawade.de\/en\/leistungen\/vorsorge\/\">Learn more<\/a><\/p>\n\t<p><a href=\"https:\/\/notar-sawade.de\/en\/leistungen\/beglaubigung\/\">Signature certification<\/a><\/p>\n\t<a href=\"https:\/\/notar-sawade.de\/en\/leistungen\/beglaubigung\/\"><?xml version=\"1.0\" encoding=\"utf-8\"?>\n<!-- Generator: Adobe Illustrator 24.0.0, SVG Export Plug-In . SVG Version: 6.00 Build 0)  -->\n<\/a>\n\t<p><a href=\"https:\/\/notar-sawade.de\/en\/leistungen\/beglaubigung\/\">Learn more<\/a><\/p>\n\t\t\t\t\t\t<h5><img decoding=\"async\" src=\"https:\/\/notar-sawade.de\/wp-content\/uploads\/2024\/12\/Vortraege.png\"\/> lectures<\/h5>\n\t\t\t<div class=\"fl-builder-content fl-builder-content-1902 fl-builder-template fl-builder-row-template fl-builder-global-templates-locked\" data-post-id=\"1902\"><div class=\"fl-row fl-row-fixed-width fl-row-bg-color fl-node-3rato5v1l9c8 fl-row-default-height fl-row-align-center\" data-node=\"3rato5v1l9c8\">\n\t<div class=\"fl-row-content-wrap\">\n\t\t<div class=\"uabb-row-separator uabb-top-row-separator\" >\n<\/div>\n\t\t\t\t\t\t<div class=\"fl-row-content fl-row-fixed-width fl-node-content\">\n\t\t\n<div class=\"fl-col-group fl-node-0ghd9fejawso\" data-node=\"0ghd9fejawso\">\n\t\t\t<div class=\"fl-col fl-node-y5jowqkcipgv\" data-node=\"y5jowqkcipgv\">\n\t<div class=\"fl-col-content fl-node-content\">\t\t<div class=\"fl-module fl-module-rich-text fl-node-whir76ovaqyd\" data-node=\"whir76ovaqyd\">\n\t<div class=\"fl-module-content fl-node-content\">\n\t\t<div class=\"fl-rich-text\">\n\t<p><strong>Property donations <\/strong>(2025)<\/p>\n<\/div>\n\t<\/div>\n<\/div>\n<div class=\"fl-module fl-module-separator fl-node-uwaey47cstr0\" data-node=\"uwaey47cstr0\">\n\t<div class=\"fl-module-content fl-node-content\">\n\t\t<div class=\"fl-separator\"><\/div>\n\t<\/div>\n<\/div>\n<div class=\"fl-module fl-module-rich-text fl-node-6vlpb39mgkzd\" data-node=\"6vlpb39mgkzd\">\n\t<div class=\"fl-module-content fl-node-content\">\n\t\t<div class=\"fl-rich-text\">\n\t<p>Anticipated succession, reservation of rights of residence and usufruct<br \/>\nContingency measures (including prohibition of sale, death, insolvency)<br \/>\ntax issues<\/p>\n<\/div>\n\t<\/div>\n<\/div>\n<div class=\"fl-module fl-module-rich-text fl-node-86cg3ls4xq9r\" data-node=\"86cg3ls4xq9r\">\n\t<div class=\"fl-module-content fl-node-content\">\n\t\t<div class=\"fl-rich-text\">\n\t<p><strong>Condominium and tenancy law <\/strong>(2023)<\/p>\n<\/div>\n\t<\/div>\n<\/div>\n<div class=\"fl-module fl-module-separator fl-node-vhbr795g1fic\" data-node=\"vhbr795g1fic\">\n\t<div class=\"fl-module-content fl-node-content\">\n\t\t<div class=\"fl-separator\"><\/div>\n\t<\/div>\n<\/div>\n<div class=\"fl-module fl-module-rich-text fl-node-cga7sziohflb\" data-node=\"cga7sziohflb\">\n\t<div class=\"fl-module-content fl-node-content\">\n\t\t<div class=\"fl-rich-text\">\n\t<p>Establishment and sale of residential property and partial ownership, declaration of division, community rules, administrator consent, tenant's right of first refusal<\/p>\n<\/div>\n\t<\/div>\n<\/div>\n<div class=\"fl-module fl-module-pp-spacer fl-node-udbc2opwt3mi\" data-node=\"udbc2opwt3mi\">\n\t<div class=\"fl-module-content fl-node-content\">\n\t\t<div class=\"pp-spacer-module\"><\/div>\n\t<\/div>\n<\/div>\n<div class=\"fl-module fl-module-rich-text fl-node-uygbdwj17m2n\" data-node=\"uygbdwj17m2n\">\n\t<div class=\"fl-module-content fl-node-content\">\n\t\t<div class=\"fl-rich-text\">\n\t<p><b>Notary. Training and area of activity <\/b>(2023)<\/p>\n<\/div>\n\t<\/div>\n<\/div>\n<div class=\"fl-module fl-module-separator fl-node-pbug907lj2az\" data-node=\"pbug907lj2az\">\n\t<div class=\"fl-module-content fl-node-content\">\n\t\t<div class=\"fl-separator\"><\/div>\n\t<\/div>\n<\/div>\n<div class=\"fl-module fl-module-rich-text fl-node-vs8p27litz3b\" data-node=\"vs8p27litz3b\">\n\t<div class=\"fl-module-content fl-node-content\">\n\t\t<div class=\"fl-rich-text\">\n\t<p>Career path, requirements, and areas of activity of notaries, including current issues such as eGbR (electronic joint ownership), Brandenburg farm regulations, and spouses' right of representation in legal matters<\/p>\n<\/div>\n\t<\/div>\n<\/div>\n<div class=\"fl-module fl-module-pp-spacer fl-node-e7lm5r8613oi\" data-node=\"e7lm5r8613oi\">\n\t<div class=\"fl-module-content fl-node-content\">\n\t\t<div class=\"pp-spacer-module\"><\/div>\n\t<\/div>\n<\/div>\n<div class=\"fl-module fl-module-rich-text fl-node-niwq9fueb5p8\" data-node=\"niwq9fueb5p8\">\n\t<div class=\"fl-module-content fl-node-content\">\n\t\t<div class=\"fl-rich-text\">\n\t<p><b>Legal structures in civil law <\/b>(2022\/2023)<\/p>\n<\/div>\n\t<\/div>\n<\/div>\n<div class=\"fl-module fl-module-separator fl-node-ok40flnxryzs\" data-node=\"ok40flnxryzs\">\n\t<div class=\"fl-module-content fl-node-content\">\n\t\t<div class=\"fl-separator\"><\/div>\n\t<\/div>\n<\/div>\n<div class=\"fl-module fl-module-rich-text fl-node-2h5at0uirg98\" data-node=\"2h5at0uirg98\">\n\t<div class=\"fl-module-content fl-node-content\">\n\t\t<div class=\"fl-rich-text\">\n\t<p><span style=\"font-weight: 400;\">Real estate sales, lifetime asset transfers within the family, will drafting, compulsory inheritance rights, partnership agreements (GbR)<\/span><\/p>\n<\/div>\n\t<\/div>\n<\/div>\n<div class=\"fl-module fl-module-pp-spacer fl-node-f7zj2v8an5tg\" data-node=\"f7zj2v8an5tg\">\n\t<div class=\"fl-module-content fl-node-content\">\n\t\t<div class=\"pp-spacer-module\"><\/div>\n\t<\/div>\n<\/div>\n<div class=\"fl-module fl-module-rich-text fl-node-q0cxtv95dziy\" data-node=\"q0cxtv95dziy\">\n\t<div class=\"fl-module-content fl-node-content\">\n\t\t<div class=\"fl-rich-text\">\n\t<p><strong>Exam course: Real estate and credit security law<\/strong> (2022)<\/p>\n<\/div>\n\t<\/div>\n<\/div>\n<div class=\"fl-module fl-module-separator fl-node-3py5zqwimbh6\" data-node=\"3py5zqwimbh6\">\n\t<div class=\"fl-module-content fl-node-content\">\n\t\t<div class=\"fl-separator\"><\/div>\n\t<\/div>\n<\/div>\n<div class=\"fl-module fl-module-rich-text fl-node-fljxdgzpw0os\" data-node=\"fljxdgzpw0os\">\n\t<div class=\"fl-module-content fl-node-content\">\n\t\t<div class=\"fl-rich-text\">\n\t<p><span style=\"font-weight: 400;\">General property law, sale and gift, secure contract drafting, financing options \u2013 seller loans and land charges<\/span><\/p>\n<\/div>\n\t<\/div>\n<\/div>\n<div class=\"fl-module fl-module-pp-spacer fl-node-2xnflsei9vo7\" data-node=\"2xnflsei9vo7\">\n\t<div class=\"fl-module-content fl-node-content\">\n\t\t<div class=\"pp-spacer-module\"><\/div>\n\t<\/div>\n<\/div>\n<\/div>\n<\/div>\n\t<\/div>\n\n<div class=\"fl-col-group fl-node-maouhl13yi60\" data-node=\"maouhl13yi60\">\n\t\t\t<div class=\"fl-col fl-node-z4x10m3tn9cv\" data-node=\"z4x10m3tn9cv\">\n\t<div class=\"fl-col-content fl-node-content\">\t\t<div class=\"fl-module fl-module-info-box fl-node-o57rksxv8wda tab-infoarticle\" data-node=\"o57rksxv8wda\">\n\t<div class=\"fl-module-content fl-node-content\">\n\t\t<div class=\"uabb-module-content uabb-infobox infobox-left infobox-has-icon infobox-icon-left\">\n\t<div class=\"uabb-infobox-left-right-wrap\">\n\t<div class=\"uabb-module-content uabb-imgicon-wrap\">\t\t\t\t<span class=\"uabb-icon-wrap\">\n\t\t\t<span class=\"uabb-icon\">\n\t\t\t<i class=\"fi-info\" aria-hidden=\"true\"><\/i>\n\t\t\t<\/span>\n\t\t<\/span>\n\t\n\t\t<\/div><div class=\"uabb-infobox-content\">\n\t\t\t<div class='uabb-infobox-title-wrap'><\/div>\t\t\t<div class=\"uabb-infobox-text-wrap\">\n\t\t\t\t<div class=\"uabb-infobox-text uabb-text-editor\"><div class=\"c-message_kit__blocks c-message_kit__blocks--rich_text\">\n<div class=\"c-message__message_blocks c-message__message_blocks--rich_text\" data-qa=\"message-text\">\n<div class=\"p-block_kit_renderer\" data-qa=\"block-kit-renderer\">\n<div class=\"p-block_kit_renderer__block_wrapper p-block_kit_renderer__block_wrapper--first\">\n<div class=\"p-rich_text_block\" dir=\"auto\">\n<div class=\"p-rich_text_section\">We offer pro bono individual lectures on important topics such as starting a business, buying real estate, wills, living wills and advance healthcare directives. Get in touch with us!<\/div>\n<\/div>\n<\/div>\n<\/div>\n<\/div>\n<\/div>\n<\/div>\t\t\t<\/div>\n\t\t\t\t\t\t<\/div>\t<\/div>\n<\/div>\n\t<\/div>\n<\/div>\n<\/div>\n<\/div>\n\t<\/div>\n\t\t<\/div>\n\t<\/div>\n<\/div>\n<\/div><div class=\"uabb-js-breakpoint\" style=\"display: none;\"><\/div>","protected":false},"excerpt":{"rendered":"<p>Leistungen Wir stehen Ihnen in allen notariellen Bereichen zur Verf\u00fcgung. H\u00e4ufig geht es dabei um wichtige Weichenstellungen in Ihrem Leben. Gerne begleiten und beraten wir Sie dabei, damit alles rechtlich einwandfrei ist und Ihre W\u00fcnsche f\u00fcr die Zukunft rechtssicher umgesetzt werden. Auf den folgenden Unterseiten k\u00f6nnen Sie sich einen ersten Eindruck von unseren Leistungen verschaffen.&hellip;<\/p>","protected":false},"author":1,"featured_media":0,"parent":0,"menu_order":0,"comment_status":"closed","ping_status":"closed","template":"","meta":{"footnotes":""},"class_list":["post-120","page","type-page","status-publish","hentry"],"_links":{"self":[{"href":"https:\/\/notar-sawade.de\/en\/wp-json\/wp\/v2\/pages\/120","targetHints":{"allow":["GET"]}}],"collection":[{"href":"https:\/\/notar-sawade.de\/en\/wp-json\/wp\/v2\/pages"}],"about":[{"href":"https:\/\/notar-sawade.de\/en\/wp-json\/wp\/v2\/types\/page"}],"author":[{"embeddable":true,"href":"https:\/\/notar-sawade.de\/en\/wp-json\/wp\/v2\/users\/1"}],"replies":[{"embeddable":true,"href":"https:\/\/notar-sawade.de\/en\/wp-json\/wp\/v2\/comments?post=120"}],"version-history":[{"count":45,"href":"https:\/\/notar-sawade.de\/en\/wp-json\/wp\/v2\/pages\/120\/revisions"}],"predecessor-version":[{"id":2382,"href":"https:\/\/notar-sawade.de\/en\/wp-json\/wp\/v2\/pages\/120\/revisions\/2382"}],"wp:attachment":[{"href":"https:\/\/notar-sawade.de\/en\/wp-json\/wp\/v2\/media?parent=120"}],"curies":[{"name":"wp","href":"https:\/\/api.w.org\/{rel}","templated":true}]}}